{"id":1584,"date":"2021-01-23T15:39:45","date_gmt":"2021-01-23T15:39:45","guid":{"rendered":"http:\/\/sonidonuevoacademia.cl\/?post_type=product&#038;p=1584"},"modified":"2026-02-09T16:06:06","modified_gmt":"2026-02-09T16:06:06","slug":"produccion-musical","status":"publish","type":"product","link":"https:\/\/sonidonuevoacademia.cl\/index.php\/producto\/produccion-musical\/","title":{"rendered":"Produccion Musical"},"content":{"rendered":"<p>HERRAMIENTAS B\u00c1SICAS Y AVANZADAS PARA EL MANEJO DE UNA PRODUCCI\u00d3N MUSICAL EN LA ESTACI\u00d3N DE AUDIO DIGITAL PRO TOOLS<\/p>\n<p><strong>DESCRIPCI\u00d3N<\/strong><\/p>\n<p>EN LA INDUSTRIA MUSICAL, UN PRODUCTOR MUSICAL REALIZA DISTINTOS PAPELES, COMO CONTROLAR LAS SESIONES DE GRABACI\u00d3N, INSTRUIR Y GUIAR A INTERPRETES MUSICALES EN EL PROCESO DE GRABACI\u00d3N, REUNIR LAS IDEAS DEL PROYECTO Y DIRIGIR. ES AS\u00cd, COMO EN LOS \u00daLTIMOS 20 A\u00d1OS EL SOFTWARE PROTOOLS DE LA EMPRESA AVID SE HA CONVERTIDO EN UN EST\u00c1NDAR EN EL MERCADO DEL AUDIO, TANTO EN CANALES DE TELEVISI\u00d3N, PRODUCCI\u00d3N MUSICAL, ESPECT\u00c1CULOS EN VIVO Y SONIDO PARA CINE Y MULTIMEDIA. ESTO HA GENERADO UNA ALTA DEMANDA DE PROFESIONALES Y T\u00c9CNICOS QUE EST\u00c9N CAPACITADOS EN EL USO DE ESTA ESTACI\u00d3N DE AUDIO DIGITAL.<\/p>\n<p><strong>OBJETIVOS<\/strong><\/p>\n<p>OPERAR LA ESTACI\u00d3N DE AUDIO DIGITAL PROTOOLS 10 EMPLEANDO HERRAMIENTAS Y T\u00c9CNICAS AVANZADAS DENTRO DE PROYECTOS DE PRODUCCI\u00d3N MUSICAL ESPEC\u00cdFICOS.<\/p>\n<p>PLAN DE ESTUDIOS<\/p>\n<p>-PRINCIPIOS DE LA PRODUCCI\u00d3N MUSICAL<\/p>\n<p>-PRINCIPIOS DE TRABAJO CON PROTOOLS<\/p>\n<p>-TRABAJO CON SESIONES<\/p>\n<p>-CONFIGURACI\u00d3 Y MANEJO DE PROTOOLS<\/p>\n<p>-MIDI Y AUDIO<\/p>\n<p>-BEAT DETECTIVE<\/p>\n<p>-EDICI\u00d3N<\/p>\n<p>-MEZCLA Y PRODUCTO FINAL<\/p>\n<p>&nbsp;<\/p>\n<p><strong>INICIO DE CLASES: DURANTE TODO EL A\u00d1O<\/strong><\/p>\n<p>HORARIO CONFIRMAR AL MATRICULAR<\/p>\n<p><strong>DOCENTE<\/strong><\/p>\n<p><strong>JUAN PABLO GONZALEZ HIDALGO | \u00a0LICENCIADO EN M\u00daSICA CERTIFICADO POR AVID<\/strong><\/p>\n<p><a href=\"https:\/\/sonidonuevoacademia.cl\/wp-content\/uploads\/2024\/01\/CURRICULUM-PROFESOR-PRODUCCION-MUSICAL.pdf\" target=\"_blank\" rel=\"noopener\">CURRICULUM PROFESOR<\/a><\/p>\n","protected":false},"excerpt":{"rendered":"<p><strong>DURACI\u00d3N<\/strong><\/p>\n<p>TOTAL DE CLASES: 8 CLASES<\/p>\n<p>2 CLASES POR SEMANA<\/p>\n<p>90 min. DE DURACI\u00d3N LA CLASE<\/p>\n<p>MODALIDAD PERSONALIZADA<\/p>\n<p>HORAS TOTALES DEL CURSO: 12 HRS.<\/p>\n<p>DURACI\u00d3N: 1 MES<\/p>\n<p>&nbsp;<\/p>\n","protected":false},"featured_media":1605,"comment_status":"open","ping_status":"closed","template":"","meta":[],"_links":{"self":[{"href":"https:\/\/sonidonuevoacademia.cl\/index.php\/wp-json\/wp\/v2\/product\/1584"}],"collection":[{"href":"https:\/\/sonidonuevoacademia.cl\/index.php\/wp-json\/wp\/v2\/product"}],"about":[{"href":"https:\/\/sonidonuevoacademia.cl\/index.php\/wp-json\/wp\/v2\/types\/product"}],"replies":[{"embeddable":true,"href":"https:\/\/sonidonuevoacademia.cl\/index.php\/wp-json\/wp\/v2\/comments?post=1584"}],"wp:featuredmedia":[{"embeddable":true,"href":"https:\/\/sonidonuevoacademia.cl\/index.php\/wp-json\/wp\/v2\/media\/1605"}],"wp:attachment":[{"href":"https:\/\/sonidonuevoacademia.cl\/index.php\/wp-json\/wp\/v2\/media?parent=1584"}],"curies":[{"name":"wp","href":"https:\/\/api.w.org\/{rel}","templated":true}]}}